{"id":932,"date":"2023-01-24T10:26:41","date_gmt":"2023-01-24T10:26:41","guid":{"rendered":"https:\/\/www.puls.ch\/datenschutz\/"},"modified":"2023-08-25T12:24:41","modified_gmt":"2023-08-25T12:24:41","slug":"privacy","status":"publish","type":"page","link":"https:\/\/www.puls.ch\/en\/privacy\/","title":{"rendered":"PRIVACY"},"content":{"rendered":"<div id=\"pl-932\"  class=\"panel-layout\" ><div id=\"pg-932-0\"  class=\"panel-grid panel-no-style\" ><div id=\"pgc-932-0-0\"  class=\"panel-grid-cell\" ><h1>PRIVACY<\/h1>\n<div class=\"text-left\">\n    <div class=\"row\">\n        <div class=\"col-xl-8 offset-xl-2\">\n            <h3><strong>Datenschutzkontakt<\/strong><\/h3>\n\n<p>Puls AG Health Communication<br \/>\nAeschenvorstadt 52<br \/>\n4051 Basel<br \/>\n<a href=\"mailto:info@puls.ch\">info@puls.ch<\/a><\/p>\n\n<p>Vielen Dank, dass Sie die Website der Puls AG besuchen und sich f\u00fcr unsere Firma mit Ihren Dienstleistungen im Bereich Marketing und Kommunikation interessieren. Auf unserer Homepage k\u00f6nnen Sie sich \u00fcber unsere Firma informieren, mit uns in Kontakt treten.&nbsp;<br \/>\n<br \/>\nZwingende nationale und internationale gesetzliche Datenschutzbestimmungen verlangen, dass bei der Bearbeitung von Personendaten ein loyales und vertrauensw\u00fcrdiges Verhalten im Rechtsverkehr gezeigt wird und der Zweck f\u00fcr die Bearbeitung geeignet und n\u00f6tig ist.<br \/>\n<br \/>\nWir von der Puls AG nehmen diese Anforderungen sehr ernst und zeigen nachfolgend auf, welche Personendaten wie bearbeitet und gesch\u00fctzt werden.<br \/>\n&nbsp;<\/p>\n\n<h3>Kategorien der Personendaten und betroffene Personen<\/h3>\n\n<p>Personendaten, welche durch die Nutzung von auf dieser Website ver\u00f6ffentlichten&nbsp;E-Mail-Adressen \u00fcbermittelt werden.<br \/>\n&nbsp;<\/p>\n\n<h3>Art und Zweck der Bekanntgabe von Personendaten<\/h3>\n\n<p>Wir k\u00f6nnen Informationen verarbeiten, die in der von Ihnen an uns gesendeten Kommunikation enthalten sind oder sich auf diese beziehen (\u00abKorrespondenzdaten\u00bb). Zu den Korrespondenzdaten k\u00f6nnen der Nachrichteninhalt und die mit der Kommunikation verbundenen pers\u00f6nlichen Daten geh\u00f6ren. Die Korrespondenzdaten k\u00f6nnen zum Zwecke der Kommunikation mit Ihnen und der Protokollf\u00fchrung verarbeitet werden. Grundlage f\u00fcr diese Verarbeitung sind unsere berechtigten Interessen, n\u00e4mlich die ordnungsgem\u00e4\u00dfe Verwaltung unserer Website und unseres Gesch\u00e4fts sowie die Kommunikation mit den Nutzern.<br \/>\n&nbsp;<\/p>\n\n<h3><strong>Server-Log-Dateien<\/strong><\/h3>\n\n<p>Unser Server speichert automatisch Informationen in so genannten Server-Log-Dateien, die Ihr Browser automatisch an uns \u00fcbermittelt. Dies sind:<br \/>\n<br \/>\n\u2022 Browsertyp und Browserversion<br \/>\n\u2022 verwendetes Betriebssystem<br \/>\n\u2022 Referrer URL<br \/>\n\u2022 Hostname des zugreifenden Rechners<br \/>\n\u2022 Uhrzeit der Serveranfrage<br \/>\n\u2022 IP-Adresse<br \/>\n<br \/>\nEine Zusammenf\u00fchrung dieser Daten mit anderen Datenquellen wird nicht vorgenommen.<br \/>\n&nbsp;<\/p>\n\n<h3><strong>Cookies<\/strong><\/h3>\n\n<p>Internetseiten verwenden h\u00e4ufig sogenannte Cookies. Cookies sind kleine Textdateien, die auf Ihrem Rechner abgelegt werden und die Ihr Browser speichert; sie richten auf Ihrem Rechner keinen Schaden an und enthalten keine Viren, sondern dienen dazu, unser Angebot nutzerfreundlicher, effektiver und sicherer zu gestalten.<br \/>\n<br \/>\nDie meisten der von uns verwendeten Cookies sind so genannte \u00abSession-Cookies\u00bb, die nach Ende Ihres Besuchs automatisch gel\u00f6scht werden. Andere Cookies bleiben auf Ihrem Endger\u00e4t gespeichert bis Sie diese l\u00f6schen. Diese Cookies erm\u00f6glichen es uns, Ihren Browser beim n\u00e4chsten Besuch wiederzuerkennen.<br \/>\n<br \/>\nSie k\u00f6nnen Ihren Browser so einstellen, dass Sie \u00fcber das Setzen von Cookies informiert werden und Cookies nur im Einzelfall erlauben, die Annahme von Cookies f\u00fcr bestimmte F\u00e4lle oder generell ausschliessen sowie das automatische L\u00f6schen der Cookies beim Schliessen des Browsers aktivieren. Bei der Deaktivierung von Cookies kann die Funktionalit\u00e4t dieser Website eingeschr\u00e4nkt sein.<br \/>\n&nbsp;<\/p>\n\n<h3><strong>Funktionale Cookies<\/strong> \u2013 immer aktiv<\/h3>\n\n<p>Diese Cookies sind f\u00fcr grundlegende Funktionen notwendig und werden daher beim Aufruf unserer Websites automatisch gespeichert. Diese Cookies speichern Ihre Pr\u00e4ferenzen bei der Nutzung unserer Websites. Sie werden auch dazu verwendet, um die Auslastung unserer Server zu verteilen, um unsere Website verf\u00fcgbar zu halten, sowie zu Sicherheitszwecken. F\u00fcr die Verwendung von funktionalen Cookies, die die grundlegenden Funktionen der Website erm\u00f6glichen, ist keine Zustimmung n\u00f6tig.<br \/>\n&nbsp;<\/p>\n\n<h3><strong>Google Web Fonts<\/strong><\/h3>\n\n<p>Diese Seite nutzt zur einheitlichen Darstellung von Schriftarten sogenannte Web Fonts von Google. Diese sind lokal gespeichert, somit findet kein Datenaustausch statt.<br \/>\n&nbsp;<\/p>\n\n<h3>Bekanntgabe ins Ausland:<br \/>\nName des Staates oder int. Organisation<\/h3>\n\n<p>Es findet keine Bekanntgabe ins Ausland statt.<br \/>\n&nbsp;<\/p>\n\n<h3>Anforderungen punkto Aufbewahrung, L\u00f6schung und Vernichtung<\/h3>\n\n<p>Alle durch uns gesammelten personenbezogenen Daten werden anonymisiert oder gel\u00f6scht, sobald sie zum Zweck der Bearbeitung nicht mehr erforderlich sind.<br \/>\n&nbsp;<\/p>\n\n<h3>Empf\u00e4ngerinnen und Empf\u00e4nger der Personendaten<\/h3>\n\n<p>Ihre Personendaten werden von uns in der Schweiz nur innerhalb der Puls AG bekanntgegeben.<br \/>\n&nbsp;<\/p>\n\n<h3>Massnahmen zur Gew\u00e4hrleistung der Datensicherheit<\/h3>\n\n<p>Die Puls AG stellt \u00fcber Zugriffs-, Zugangs- und Benutzerkontrollen sicher, dass die Vertraulichkeit der personenbezogenen Daten gew\u00e4hrleistet wird.&nbsp;<br \/>\n<br \/>\nIm Weiteren wird die Integrit\u00e4t der personenbezogenen Daten \u00fcber die Kontrollen der Datentr\u00e4ger, des Speichers und des Transports sichergestellt. Auch bei einem technischen oder physischen Zwischenfall k\u00f6nnen die Daten rasch wiederhergestellt werden.<br \/>\n<br \/>\nUnserer Systeme und Anwendungsprogramme sind auf dem neusten Sicherheitsstand und alle bekannten kritischen L\u00fccken \u2013 OWASP Top 10 \u2013 wurden geschlossen.<br \/>\n<br \/>\nWas die Nachvollziehbarkeit betrifft, so werden diese \u00fcber Eingabe- und Bekanntgabe-Protokolle dokumentiert, Verletzungen der Datensicherheit erkannt und die daraus resultierenden Folgen gemindert und\/oder beseitigt.<br \/>\n&nbsp;<\/p>\n\n<h3>Pflicht zur Meldung von Datenschutzverletzungen<\/h3>\n\n<p>Alle Verletzungen der Datensicherheit, die zu einem hohen Risiko f\u00fcr die Pers\u00f6nlichkeit oder der Grundrechte der betroffenen Person f\u00fchren, werden durch uns dem Eidgen\u00f6ssischen Datenschutz- und \u00d6ffentlichkeitsbeauftragten (ED\u00d6B) gemeldet.<br \/>\n<br \/>\nHaben Sie eine Verletzung der Datensicherheit festgestellt? Bitte kontaktieren Sie uns umgehend bei <a href=\"mailto:info@puls.ch\">info@puls.ch<\/a>.<br \/>\n&nbsp;<\/p>\n\n<h3>Rechte der betroffenen Personen<\/h3>\n\n<p>Sie m\u00f6chten wissen, ob personenbezogene Daten bei uns \u00fcber sie bearbeitet werden? Sie haben uns personenbezogene Daten bekanntgegebenen und m\u00f6chten diese berichtigen, l\u00f6schen oder vernichten, resp. der Bekanntgabe widersprechen?<br \/>\n<br \/>\nKontaktieren Sie uns \u00fcber <a href=\"mailto:info@puls.ch\">info@puls.ch<\/a>.<br \/>\n&nbsp;<\/p>\n\n<h3>Links auf andere Websites<\/h3>\n\n<p>Unsere Website enth\u00e4lt Links auf verschiedene externe Websites, die unseren Besuchern m\u00f6glicherweise n\u00fctzliche Informationen anbieten. Die vorliegende Datenschutzerkl\u00e4rung gilt nicht f\u00fcr diese Sites und wir empfehlen, sich mit den externen Websites bez\u00fcglich deren Datenschutzrichtlinien direkt in Verbindung zu setzen.<br \/>\n&nbsp;<\/p>\n\n<p>Stand August 2023&nbsp;<\/p>\n        <\/div>\n    <\/div>\n<\/div>\n<\/div><\/div><\/div>","protected":false},"excerpt":{"rendered":"<p>PRIVACY Datenschutzkontakt Puls AG Health Communication Aeschenvorstadt 52 4051 Basel info@puls.ch Vielen Dank, dass Sie die Website der Puls AG besuchen und sich f\u00fcr unsere Firma mit Ihren Dienstleistungen im Bereich Marketing und Kommunikation interessieren. Auf unserer Homepage k\u00f6nnen Sie sich \u00fcber unsere Firma informieren, mit uns in Kontakt treten.&nbsp; Zwingende nationale und internationale gesetzliche &hellip; <a href=\"https:\/\/www.puls.ch\/en\/privacy\/\" class=\"more-link\">Continue reading<span class=\"screen-reader-text\"> &#8220;PRIVACY&#8221;<\/span><\/a><\/p>\n","protected":false},"author":1,"featured_media":0,"parent":0,"menu_order":0,"comment_status":"closed","ping_status":"closed","template":"","meta":{"_acf_changed":false,"_uf_show_specific_survey":0,"_uf_disable_surveys":false,"footnotes":""},"class_list":["post-932","page","type-page","status-publish","hentry"],"acf":[],"_links":{"self":[{"href":"https:\/\/www.puls.ch\/en\/wp-json\/wp\/v2\/pages\/932","targetHints":{"allow":["GET"]}}],"collection":[{"href":"https:\/\/www.puls.ch\/en\/wp-json\/wp\/v2\/pages"}],"about":[{"href":"https:\/\/www.puls.ch\/en\/wp-json\/wp\/v2\/types\/page"}],"author":[{"embeddable":true,"href":"https:\/\/www.puls.ch\/en\/wp-json\/wp\/v2\/users\/1"}],"replies":[{"embeddable":true,"href":"https:\/\/www.puls.ch\/en\/wp-json\/wp\/v2\/comments?post=932"}],"version-history":[{"count":19,"href":"https:\/\/www.puls.ch\/en\/wp-json\/wp\/v2\/pages\/932\/revisions"}],"predecessor-version":[{"id":1121,"href":"https:\/\/www.puls.ch\/en\/wp-json\/wp\/v2\/pages\/932\/revisions\/1121"}],"wp:attachment":[{"href":"https:\/\/www.puls.ch\/en\/wp-json\/wp\/v2\/media?parent=932"}],"curies":[{"name":"wp","href":"https:\/\/api.w.org\/{rel}","templated":true}]}}